{"id":13829,"date":"2022-11-10T17:55:46","date_gmt":"2022-11-10T20:55:46","guid":{"rendered":"https:\/\/br.privalia.com\/conteudo\/?page_id=13829"},"modified":"2022-11-10T17:55:46","modified_gmt":"2022-11-10T20:55:46","slug":"black-friday-privalia-2022","status":"publish","type":"page","link":"https:\/\/br.privalia.com\/conteudo\/black-friday-privalia-2022\/","title":{"rendered":"Black Friday Privalia 2022"},"content":{"rendered":"<p><b>BLACK FRIDAY 2022 NA PRIVALIA<\/b><\/p>\n<p>&nbsp;<\/p>\n<p><span style=\"font-weight: 400;\">Quem ama \u00f3timas oportunidades de grandes marcas com pre\u00e7os incr\u00edveis por a\u00ed? &#x1f64b;&#x1f3fe;&#x200d;&#x2640;&#xfe0f;<\/span><\/p>\n<p>&nbsp;<\/p>\n<p>A Privalia \u00e9 um outlet online, O maior outlet do Brasil, em aplicativos dispon\u00edveis para Android e iOS, entregando em todo o pa\u00eds com ofertas de at\u00e9 85% de desconto. O cadastro \u00e9 gratuito, r\u00e1pido e voc\u00ea pode aproveitar as oportunidades no mesmo instante!<\/p>\n<p>&nbsp;<\/p>\n<p><span style=\"font-weight: 400;\">Nesta Black Friday Privalia, quem tem cadastro na plataforma poder\u00e1 aproveitar:<\/span><span style=\"font-weight: 400;\"><\/p>\n<p><\/span><\/p>\n<p><em><span style=\"font-weight: 400;\">Parcelamento em at\u00e9 12x*<\/span><\/em><\/p>\n<p><em><span style=\"font-weight: 400;\">Frete gr\u00e1tis*<\/span><\/em><\/p>\n<p><em><span style=\"font-weight: 400;\">At\u00e9 85% OFF*<\/span><\/em><span style=\"font-weight: 400;\"><br \/>\n<\/span><span style=\"font-weight: 400;\"><br \/>\n<\/span><strong>Ainda n\u00e3o tem cadastro? Ainda d\u00e1 tempo, \u00e9 s\u00f3 clicar abaixo:<\/strong><\/p>\n<p>&nbsp;<\/p>\n<p><a href=\"https:\/\/convite.privalia.com\/d-privalia-multibrand-fashion\/index.html?provider=desktop:nm:organic:search:google.com:leads.desktop:geral:search-branded-desktop_sell-out-ampla&amp;utm_source=google&amp;utm_medium=cpc&amp;utm_campaign=search-branded-desktop&amp;utm_content=sell-out-ampla-branded_2005450758_103613820235&amp;gclid=EAIaIQobChMIuIKJ6Luk-wIV05rVCh3-oA0pEAAYASAAEgJN2PD_BwE\"><img loading=\"lazy\" decoding=\"async\" class=\"wp-image-13830  alignleft\" src=\"https:\/\/br.privalia.com\/conteudo\/wp-content\/uploads\/2022\/11\/botaocadastro-680x132.jpg\" alt=\"\" width=\"505\" height=\"98\" srcset=\"https:\/\/br.privalia.com\/conteudo\/wp-content\/uploads\/2022\/11\/botaocadastro-680x132.jpg 680w, https:\/\/br.privalia.com\/conteudo\/wp-content\/uploads\/2022\/11\/botaocadastro-600x116.jpg 600w, https:\/\/br.privalia.com\/conteudo\/wp-content\/uploads\/2022\/11\/botaocadastro.jpg 707w\" sizes=\"auto, (max-width: 505px) 100vw, 505px\" \/><\/a><\/p>\n<p>&nbsp;<\/p>\n<p>&nbsp;<\/p>\n<p>&nbsp;<\/p>\n<p>&nbsp;<\/p>\n<p><span style=\"font-weight: 400;\"><strong>A Black Friday da Privalia 2022<\/strong> promete trazer luz \u00e0s ofertas da sexta-feira mais aguardada do ano. Ser\u00e3o milhares de op\u00e7\u00f5es de moda masculina, moda feminina em oferta, moda infantil, casa e decora\u00e7\u00e3o, gastronomia e gourmet, liquida privalia e muito mais!<\/span><\/p>\n<p>&nbsp;<\/p>\n<p><span style=\"font-weight: 400;\">Na Privalia voc\u00ea pode encontrar ofertas exclusivas o ano inteiro, n\u00e3o \u00e9 s\u00f3 na black friday! Por aqui passam marcas como <strong>Lilica Ripilica e Tigor T. Tigre, Calvin Klein, Hugo Boss, Morena Rosa, Colcci, Brae, Truss em promo\u00e7\u00e3o, Forum e Triton, as queridinhas Iodice, Skazi e DIMY, al\u00e9m de utilidades de marcas como Porto Brasil, Spicy, Wolff, Altenburg, Ropo robo aspirador inteligente, itens para casa conectada e casa inteligente, al\u00e9m de diversas marcas infantis como Kyly, Milon, Brandili em promo\u00e7\u00e3o, Petit cherie, mon sucr\u00e9<\/strong> dentre as mais de 1500 marcas que voc\u00ea pode aproveitar no app e site da Privalia.<\/span><\/p>\n<p>&nbsp;<\/p>\n<p><span style=\"font-weight: 400;\"> Ah, e por aqui voc\u00ea n\u00e3o precisa adicionar cupons Privalia ou qualquer outro voucher de desconto para aproveitar ofertas de at\u00e9 85% OFF. <strong>Acesse o app, fa\u00e7a o cadastro e desfrute das marcas mais desejadas do Brasil e do mundo.<\/strong><\/span><\/p>\n<p>&nbsp;<\/p>\n<p><a href=\"https:\/\/play.google.com\/store\/apps\/details?id=com.privalia.br&amp;hl=pt_BR&amp;gl=US\"><img loading=\"lazy\" decoding=\"async\" class=\"wp-image-13833  alignleft\" src=\"https:\/\/br.privalia.com\/conteudo\/wp-content\/uploads\/2022\/11\/Android.jpg\" alt=\"\" width=\"224\" height=\"72\" \/><\/a><\/p>\n<p><a href=\"https:\/\/apps.apple.com\/br\/app\/privalia-maior-outlet-online\/id1499965998\"><img loading=\"lazy\" decoding=\"async\" class=\"wp-image-13831  alignleft\" src=\"https:\/\/br.privalia.com\/conteudo\/wp-content\/uploads\/2022\/11\/iOS.jpg\" alt=\"\" width=\"206\" height=\"76\" srcset=\"https:\/\/br.privalia.com\/conteudo\/wp-content\/uploads\/2022\/11\/iOS.jpg 203w, https:\/\/br.privalia.com\/conteudo\/wp-content\/uploads\/2022\/11\/iOS-200x75.jpg 200w\" sizes=\"auto, (max-width: 206px) 100vw, 206px\" \/><\/a><\/p>\n<p>&nbsp;<\/p>\n<p>&nbsp;<\/p>\n<p>&nbsp;<\/p>\n<p>&nbsp;<\/p>\n<p><span style=\"font-weight: 400;\">J\u00e1 tem o app e cadastro? Ent\u00e3o corre pra ver o que tem na vitrine hoje, lembrando que as ofertas na Privalia s\u00e3o por tempo limitado e as campanhas costumam durar de 7 a 10 dias, combinado?<\/span><\/p>\n<p>&nbsp;<\/p>\n<p><a href=\"http:\/\/br.privalia.com\"><img loading=\"lazy\" decoding=\"async\" class=\"wp-image-13834  alignleft\" src=\"https:\/\/br.privalia.com\/conteudo\/wp-content\/uploads\/2022\/11\/Vitrine-Privalia-Hoje-680x119.jpg\" alt=\"\" width=\"526\" height=\"92\" srcset=\"https:\/\/br.privalia.com\/conteudo\/wp-content\/uploads\/2022\/11\/Vitrine-Privalia-Hoje-680x119.jpg 680w, https:\/\/br.privalia.com\/conteudo\/wp-content\/uploads\/2022\/11\/Vitrine-Privalia-Hoje-600x105.jpg 600w, https:\/\/br.privalia.com\/conteudo\/wp-content\/uploads\/2022\/11\/Vitrine-Privalia-Hoje.jpg 697w\" sizes=\"auto, (max-width: 526px) 100vw, 526px\" \/><\/a><\/p>\n<p>&nbsp;<\/p>\n<p>&nbsp;<\/p>\n<p>&nbsp;<\/p>\n<p>&nbsp;<\/p>\n<p><span style=\"font-weight: 400;\">E pra quem ama aproveitar uma boa oportunidade a Privalia disponibiliza um servi\u00e7o premium. O premium Privalia garante acesso exclusivo \u00e0s campanhas um dia antes delas abrirem pra p\u00fablico <\/span><i><span style=\"font-weight: 400;\">(Assim voc\u00ea garante seus achadinhos antes de todo mundo ;) <\/span><\/i><span style=\"font-weight: 400;\">al\u00e9m de frete gr\u00e1tis em todas as compras* para sul e sudeste do Brasil.<\/span><\/p>\n<p>&nbsp;<\/p>\n<p><a href=\"https:\/\/br.privalia.com\/microsites\/premium\"><img loading=\"lazy\" decoding=\"async\" class=\"wp-image-13835 alignleft\" src=\"https:\/\/br.privalia.com\/conteudo\/wp-content\/uploads\/2022\/11\/premium.jpg\" alt=\"\" width=\"298\" height=\"91\" \/><\/a><\/p>\n<p>&nbsp;<\/p>\n<p>&nbsp;<\/p>\n<p>&nbsp;<\/p>\n<p>&nbsp;<\/p>\n<p><em><span style=\"font-weight: 400;\">*Leia o regulamento do servi\u00e7o premium no link: https:\/\/br.privalia.com\/conteudo\/faq-privalia-premium\/<\/span><\/em><\/p>\n<p>&nbsp;<\/p>\n<p>N\u00e3o vai ficar de fora da black friday do maior outlet do Brasil n\u00e9? &#x1f929;<\/p>\n","protected":false},"excerpt":{"rendered":"<p> [&hellip;]<\/p>\n","protected":false},"author":2481477,"featured_media":13795,"parent":0,"menu_order":0,"comment_status":"closed","ping_status":"closed","template":"","meta":{"footnotes":""},"class_list":["post-13829","page","type-page","status-publish","has-post-thumbnail","hentry"],"_links":{"self":[{"href":"https:\/\/br.privalia.com\/conteudo\/wp-json\/wp\/v2\/pages\/13829","targetHints":{"allow":["GET"]}}],"collection":[{"href":"https:\/\/br.privalia.com\/conteudo\/wp-json\/wp\/v2\/pages"}],"about":[{"href":"https:\/\/br.privalia.com\/conteudo\/wp-json\/wp\/v2\/types\/page"}],"author":[{"embeddable":true,"href":"https:\/\/br.privalia.com\/conteudo\/wp-json\/wp\/v2\/users\/2481477"}],"replies":[{"embeddable":true,"href":"https:\/\/br.privalia.com\/conteudo\/wp-json\/wp\/v2\/comments?post=13829"}],"version-history":[{"count":1,"href":"https:\/\/br.privalia.com\/conteudo\/wp-json\/wp\/v2\/pages\/13829\/revisions"}],"predecessor-version":[{"id":13926,"href":"https:\/\/br.privalia.com\/conteudo\/wp-json\/wp\/v2\/pages\/13829\/revisions\/13926"}],"wp:featuredmedia":[{"embeddable":true,"href":"https:\/\/br.privalia.com\/conteudo\/wp-json\/wp\/v2\/media\/13795"}],"wp:attachment":[{"href":"https:\/\/br.privalia.com\/conteudo\/wp-json\/wp\/v2\/media?parent=13829"}],"curies":[{"name":"wp","href":"https:\/\/api.w.org\/{rel}","templated":true}]}}